{"id":6221,"date":"2025-03-26T20:10:30","date_gmt":"2025-03-26T20:10:30","guid":{"rendered":"https:\/\/www.tosiad.com.tr\/?page_id=6221"},"modified":"2025-04-02T14:44:14","modified_gmt":"2025-04-02T14:44:14","slug":"genel-baskan","status":"publish","type":"page","link":"http:\/\/www.tosiad.com.tr\/?page_id=6221","title":{"rendered":"Genel Ba\u015fkan Mesaj\u0131"},"content":{"rendered":"\n<p>K\u0131ymetli TOS\u0130AD l\u0131lar; \u015eimdilerde, h\u0131zla ilerleyen teknolojik imk\u00e2nlar\u0131n da etkisiyle, ileti\u015fim \u00e7a\u011f\u0131n\u0131 ya\u015farken d\u00fcnyan\u0131n \u00e2deta k\u00fc\u00e7\u00fcld\u00fc\u011f\u00fc ba\u015fka bir tablo ile kar\u015f\u0131 kar\u015f\u0131yay\u0131z.<br>K\u00fcreselle\u015fmenin sonucu olarak, al\u0131\u015f\u0131lm\u0131\u015f\u0131n \u00f6tesinde \u00e7alkant\u0131l\u0131 bir ge\u00e7i\u015f d\u00f6neminde, neredeyse \u00fclkelerin s\u0131n\u0131rlar\u0131 ortadan kalkarken, b\u00f6lgesel g\u00fc\u00e7 birliklerini ve global ekonominin k\u0131yas\u0131ya rekabetini ya\u015f\u0131yoruz.<br>Elbette de\u011ferlerimizden \u00f6d\u00fcn vermeden, kazan\u0131mlar\u0131m\u0131z\u0131 yitirmeden, birlik ve beraberli\u011fimizle yar\u0131nlar i\u00e7in \u00e7al\u0131\u015fmam\u0131z gerekti\u011fini biliyoruz.<br>B\u00fcy\u00fck \u00d6nder Gazi Mustafa Kemal Atat\u00fcrk\u2019\u00fcn kurdu\u011fu cumhuriyetimizin 100. y\u0131l\u0131na eri\u015fmi\u015f olman\u0131n mutlulu\u011funu ya\u015farken \u00fczerimizdeki sorumluluklar\u0131n da fark\u0131nday\u0131z.<br>Bizler, is\u0327 insanlar\u0131 ve ticaret erbab\u0131 olarak hel\u00e2l kazanc\u0131n yan\u0131nda \u00fclkemizi ekonomik olarak daha yukar\u0131lara ta\u015f\u0131man\u0131n gayreti ve sevdas\u0131 i\u00e7indeyiz.<br>Bu y\u00fczden bizlere d\u00fc\u015fen, \u00fclkemizin kalk\u0131nmas\u0131 i\u00e7in \u00e7al\u0131\u015fmak; kimsenin hakk\u0131na girmeden me\u015fru \u015fekilde kazanmak; kazanc\u0131n fazlas\u0131n\u0131 kamu yarar\u0131na kullanmak, daha fazla \u00fcretmek, yat\u0131r\u0131m yapmak ve bu sayede istihdam sa\u011flamakt\u0131r.<br>Birlikte \u00e7al\u0131\u015faca\u011f\u0131z, birlikte kalk\u0131naca\u011f\u0131z ve hep birlikte kazanaca\u011f\u0131z.<br>\u00c7\u00fcnk\u00fc TOS\u0130AD demek; \u00fclke ve halk\u0131n menfaatini her zaman ve her \u015fartta \u00f6n planda tutmak demektir.<br>TOS\u0130AD demek; T\u00fcrkiye\u2019nin g\u00fc\u00e7l\u00fc bir \u00fclke olarak d\u00fcnya arenas\u0131nda, olmas\u0131 gereken yeri almas\u0131 i\u00e7in \u00e7al\u0131\u015fmak ve m\u00fccadele etmek demektir.<br>\u00c7\u00fcnk\u00fc TOS\u0130AD demek; bir olmak, birlik olmak ve beraber olmak demektir.<br>\u00c7abalar\u0131yla, emekleriyle ve al\u0131n teriyle TOS\u0130AD\u2019\u0131m\u0131za katk\u0131da bulunan; Tokat\u2019\u0131m\u0131z\u0131n katma de\u011ferini art\u0131ran, \u00fclkemizin ekonomisine katma de\u011fer sa\u011flayan t\u00fcm i\u015f insanlar\u0131n\u0131 sayg\u0131 ve h\u00fcrmetle selaml\u0131yorum\u2026<\/p>\n\n\n\n<figure class=\"wp-block-image size-full\"><img loading=\"lazy\" decoding=\"async\" width=\"430\" height=\"177\" src=\"http:\/\/www.tosiad.com.tr\/wp-content\/uploads\/2025\/03\/tahir-imza.png\" alt=\"\" class=\"wp-image-6344\" srcset=\"http:\/\/www.tosiad.com.tr\/wp-content\/uploads\/2025\/03\/tahir-imza.png 430w, http:\/\/www.tosiad.com.tr\/wp-content\/uploads\/2025\/03\/tahir-imza-300x123.png 300w\" sizes=\"auto, (max-width: 430px) 100vw, 430px\" \/><\/figure>\n","protected":false},"excerpt":{"rendered":"<p>K\u0131ymetli TOS\u0130AD l\u0131lar; \u015eimdilerde, h\u0131zla ilerleyen teknolojik imk\u00e2nlar\u0131n da etkisiyle, ileti\u015fim \u00e7a\u011f\u0131n\u0131 ya\u015farken d\u00fcnyan\u0131n \u00e2deta k\u00fc\u00e7\u00fcld\u00fc\u011f\u00fc ba\u015fka bir tablo ile kar\u015f\u0131 kar\u015f\u0131yay\u0131z.K\u00fcreselle\u015fmenin sonucu olarak, al\u0131\u015f\u0131lm\u0131\u015f\u0131n \u00f6tesinde \u00e7alkant\u0131l\u0131 bir ge\u00e7i\u015f d\u00f6neminde,&#8230;<\/p>\n","protected":false},"author":1,"featured_media":0,"parent":0,"menu_order":0,"comment_status":"closed","ping_status":"closed","template":"","meta":{"footnotes":""},"class_list":["post-6221","page","type-page","status-publish"],"_links":{"self":[{"href":"http:\/\/www.tosiad.com.tr\/index.php?rest_route=\/wp\/v2\/pages\/6221","targetHints":{"allow":["GET"]}}],"collection":[{"href":"http:\/\/www.tosiad.com.tr\/index.php?rest_route=\/wp\/v2\/pages"}],"about":[{"href":"http:\/\/www.tosiad.com.tr\/index.php?rest_route=\/wp\/v2\/types\/page"}],"author":[{"embeddable":true,"href":"http:\/\/www.tosiad.com.tr\/index.php?rest_route=\/wp\/v2\/users\/1"}],"replies":[{"embeddable":true,"href":"http:\/\/www.tosiad.com.tr\/index.php?rest_route=%2Fwp%2Fv2%2Fcomments&post=6221"}],"version-history":[{"count":4,"href":"http:\/\/www.tosiad.com.tr\/index.php?rest_route=\/wp\/v2\/pages\/6221\/revisions"}],"predecessor-version":[{"id":6530,"href":"http:\/\/www.tosiad.com.tr\/index.php?rest_route=\/wp\/v2\/pages\/6221\/revisions\/6530"}],"wp:attachment":[{"href":"http:\/\/www.tosiad.com.tr\/index.php?rest_route=%2Fwp%2Fv2%2Fmedia&parent=6221"}],"curies":[{"name":"wp","href":"https:\/\/api.w.org\/{rel}","templated":true}]}}