{"id":6217,"date":"2025-03-26T20:09:26","date_gmt":"2025-03-26T20:09:26","guid":{"rendered":"https:\/\/www.tosiad.com.tr\/?page_id=6217"},"modified":"2025-03-26T23:33:07","modified_gmt":"2025-03-26T23:33:07","slug":"uyelik","status":"publish","type":"page","link":"http:\/\/www.tosiad.com.tr\/?page_id=6217","title":{"rendered":"\u00dcYEL\u0130K"},"content":{"rendered":"[vc_row type=&#8221;in_container&#8221; full_screen_row_position=&#8221;middle&#8221; column_margin=&#8221;default&#8221; column_direction=&#8221;default&#8221; column_direction_tablet=&#8221;default&#8221; column_direction_phone=&#8221;default&#8221; scene_position=&#8221;center&#8221; text_color=&#8221;dark&#8221; text_align=&#8221;left&#8221; row_border_radius=&#8221;none&#8221; row_border_radius_applies=&#8221;bg&#8221; overflow=&#8221;visible&#8221; overlay_strength=&#8221;0.3&#8243; gradient_direction=&#8221;left_to_right&#8221; shape_divider_position=&#8221;bottom&#8221; bg_image_animation=&#8221;none&#8221;][vc_column column_padding=&#8221;no-extra-padding&#8221; column_padding_tablet=&#8221;inherit&#8221; column_padding_phone=&#8221;inherit&#8221; column_padding_position=&#8221;all&#8221; column_element_direction_desktop=&#8221;default&#8221; column_element_spacing=&#8221;default&#8221; desktop_text_alignment=&#8221;default&#8221; tablet_text_alignment=&#8221;default&#8221; phone_text_alignment=&#8221;default&#8221; background_color_opacity=&#8221;1&#8243; background_hover_color_opacity=&#8221;1&#8243; column_backdrop_filter=&#8221;none&#8221; column_shadow=&#8221;none&#8221; column_border_radius=&#8221;none&#8221; column_link_target=&#8221;_self&#8221; column_position=&#8221;default&#8221; gradient_direction=&#8221;left_to_right&#8221; overlay_strength=&#8221;0.3&#8243; width=&#8221;2\/3&#8243; tablet_width_inherit=&#8221;default&#8221; animation_type=&#8221;default&#8221; bg_image_animation=&#8221;none&#8221; border_type=&#8221;simple&#8221; column_border_width=&#8221;none&#8221; column_border_style=&#8221;solid&#8221;]<style id=\"wpforms-css-vars-6355\">\n\t\t\t\t#wpforms-6355 {\n\t\t\t\t\n\t\t\t}\n\t\t\t<\/style><div class=\"wpforms-container wpforms-container-full wpforms-render-modern\" id=\"wpforms-6355\"><form id=\"wpforms-form-6355\" class=\"wpforms-validate wpforms-form wpforms-ajax-form\" data-formid=\"6355\" method=\"post\" enctype=\"multipart\/form-data\" action=\"\/index.php?rest_route=%2Fwp%2Fv2%2Fpages%2F6217\" data-token=\"fdbff5d5cb9c90731584ebc8668ec149\" data-token-time=\"1777155215\"><div class=\"wpforms-head-container\"><div class=\"wpforms-title\">TOS\u0130AD \u00dcYEL\u0130K BA\u015eVURUSU<\/div><div class=\"wpforms-description\">TOKATLI SANAY\u0130C\u0130 ve \u0130\u015e ADAMALRI DERNE\u011e\u0130 \u00dcYEL\u0130K FORMU<\/div><\/div><noscript class=\"wpforms-error-noscript\">Bu formu bitirebilmek i\u00e7in taray\u0131c\u0131n\u0131zda JavaScript&#039;i etkinle\u015ftirin.<\/noscript><div id=\"wpforms-error-noscript\" style=\"display: none;\">Bu formu bitirebilmek i\u00e7in taray\u0131c\u0131n\u0131zda JavaScript&#039;i etkinle\u015ftirin.<\/div><div class=\"wpforms-field-container\"><div id=\"wpforms-6355-field_0-container\" class=\"wpforms-field wpforms-field-name\" data-field-id=\"0\"><fieldset><legend class=\"wpforms-field-label\">\u0130sim - Soyisim <span class=\"wpforms-required-label\" aria-hidden=\"true\">*<\/span><\/legend><div class=\"wpforms-field-row wpforms-field-medium\"><div class=\"wpforms-field-row-block wpforms-first wpforms-one-half\"><input type=\"text\" id=\"wpforms-6355-field_0\" class=\"wpforms-field-name-first wpforms-field-required\" name=\"wpforms[fields][0][first]\" aria-errormessage=\"wpforms-6355-field_0-error\" required><label for=\"wpforms-6355-field_0\" class=\"wpforms-field-sublabel after\">Ad<\/label><\/div><div class=\"wpforms-field-row-block wpforms-one-half\"><input type=\"text\" id=\"wpforms-6355-field_0-last\" class=\"wpforms-field-name-last wpforms-field-required\" name=\"wpforms[fields][0][last]\" aria-errormessage=\"wpforms-6355-field_0-last-error\" required><label for=\"wpforms-6355-field_0-last\" class=\"wpforms-field-sublabel after\">Soyad<\/label><\/div><\/div><\/fieldset><\/div><div id=\"wpforms-6355-field_30-container\" class=\"wpforms-field wpforms-field-text\" data-field-id=\"30\"><label class=\"wpforms-field-label\" for=\"wpforms-6355-field_30\">Firma Bilgisi <span class=\"wpforms-required-label\" aria-hidden=\"true\">*<\/span><\/label><input type=\"text\" id=\"wpforms-6355-field_30\" class=\"wpforms-field-medium wpforms-field-required\" name=\"wpforms[fields][30]\" aria-errormessage=\"wpforms-6355-field_30-error\" required><\/div><div id=\"wpforms-6355-field_20-container\" class=\"wpforms-field wpforms-field-email\" data-field-id=\"20\"><label class=\"wpforms-field-label\" for=\"wpforms-6355-field_20\">Email <span class=\"wpforms-required-label\" aria-hidden=\"true\">*<\/span><\/label><input type=\"email\" id=\"wpforms-6355-field_20\" class=\"wpforms-field-medium wpforms-field-required\" name=\"wpforms[fields][20]\" spellcheck=\"false\" aria-errormessage=\"wpforms-6355-field_20-error\" required><\/div><div id=\"wpforms-6355-field_22-container\" class=\"wpforms-field wpforms-field-number\" data-field-id=\"22\"><label class=\"wpforms-field-label\" for=\"wpforms-6355-field_22\">TC Kimlik No <span class=\"wpforms-required-label\" aria-hidden=\"true\">*<\/span><\/label><input type=\"number\" id=\"wpforms-6355-field_22\" class=\"wpforms-field-medium wpforms-field-required\" name=\"wpforms[fields][22]\" step=\"any\" aria-errormessage=\"wpforms-6355-field_22-error\" required><\/div>\t\t<div id=\"wpforms-6355-field_1-container\"\n\t\t\tclass=\"wpforms-field wpforms-field-text\"\n\t\t\tdata-field-type=\"text\"\n\t\t\tdata-field-id=\"1\"\n\t\t\t>\n\t\t\t<label class=\"wpforms-field-label\" for=\"wpforms-6355-field_1\" >Do\u011fumTarihi - Kimlik<\/label>\n\t\t\t<input type=\"text\" id=\"wpforms-6355-field_1\" class=\"wpforms-field-medium\" name=\"wpforms[fields][1]\" >\n\t\t<\/div>\n\t\t<div id=\"wpforms-6355-field_24-container\" class=\"wpforms-field wpforms-field-number\" data-field-id=\"24\"><label class=\"wpforms-field-label\" for=\"wpforms-6355-field_24\">Telefon <span class=\"wpforms-required-label\" aria-hidden=\"true\">*<\/span><\/label><input type=\"number\" id=\"wpforms-6355-field_24\" class=\"wpforms-field-medium wpforms-field-required\" name=\"wpforms[fields][24]\" step=\"any\" aria-errormessage=\"wpforms-6355-field_24-error\" required><\/div><div id=\"wpforms-6355-field_28-container\" class=\"wpforms-field wpforms-field-number\" data-field-id=\"28\"><label class=\"wpforms-field-label\" for=\"wpforms-6355-field_28\">Do\u011fumTarihi <span class=\"wpforms-required-label\" aria-hidden=\"true\">*<\/span><\/label><input type=\"number\" id=\"wpforms-6355-field_28\" class=\"wpforms-field-medium wpforms-field-required\" name=\"wpforms[fields][28]\" step=\"any\" aria-errormessage=\"wpforms-6355-field_28-error\" required><\/div><div id=\"wpforms-6355-field_26-container\" class=\"wpforms-field wpforms-field-textarea\" data-field-id=\"26\"><label class=\"wpforms-field-label\" for=\"wpforms-6355-field_26\">Adres <span class=\"wpforms-required-label\" aria-hidden=\"true\">*<\/span><\/label><textarea id=\"wpforms-6355-field_26\" class=\"wpforms-field-medium wpforms-field-required\" name=\"wpforms[fields][26]\" aria-errormessage=\"wpforms-6355-field_26-error\" required><\/textarea><\/div><div id=\"wpforms-6355-field_29-container\" class=\"wpforms-field wpforms-field-text\" data-field-id=\"29\"><label class=\"wpforms-field-label\" for=\"wpforms-6355-field_29\">REFERANS <span class=\"wpforms-required-label\" aria-hidden=\"true\">*<\/span><\/label><input type=\"text\" id=\"wpforms-6355-field_29\" class=\"wpforms-field-medium wpforms-field-required\" name=\"wpforms[fields][29]\" aria-errormessage=\"wpforms-6355-field_29-error\" required><\/div><script>\n\t\t\t\t( function() {\n\t\t\t\t\tconst style = document.createElement( 'style' );\n\t\t\t\t\tstyle.appendChild( document.createTextNode( '#wpforms-6355-field_1-container { position: absolute !important; overflow: hidden !important; display: inline !important; height: 1px !important; width: 1px !important; z-index: -1000 !important; padding: 0 !important; } #wpforms-6355-field_1-container input { visibility: hidden; } #wpforms-conversational-form-page #wpforms-6355-field_1-container label { counter-increment: none; }' ) );\n\t\t\t\t\tdocument.head.appendChild( style );\n\t\t\t\t\tdocument.currentScript?.remove();\n\t\t\t\t} )();\n\t\t\t<\/script><\/div><!-- .wpforms-field-container --><div class=\"wpforms-submit-container\" ><input type=\"hidden\" name=\"wpforms[id]\" value=\"6355\"><input type=\"hidden\" name=\"page_title\" value=\"\"><input type=\"hidden\" name=\"page_url\" value=\"http:\/\/www.tosiad.com.tr\/index.php?rest_route=\/wp\/v2\/pages\/6217\"><input type=\"hidden\" name=\"url_referer\" value=\"\"><button type=\"submit\" name=\"wpforms[submit]\" id=\"wpforms-submit-6355\" class=\"wpforms-submit\" data-alt-text=\"\u0130letiliyor...\" data-submit-text=\"G\u00f6nder\" aria-live=\"assertive\" value=\"wpforms-submit\">G\u00f6nder<\/button><img loading=\"lazy\" decoding=\"async\" src=\"http:\/\/www.tosiad.com.tr\/wp-content\/plugins\/wpforms-lite\/assets\/images\/submit-spin.svg\" class=\"wpforms-submit-spinner\" style=\"display: none;\" width=\"26\" height=\"26\" alt=\"Y\u00fckleniyor\"><\/div><\/form><\/div>  <!-- .wpforms-container -->[\/vc_column][vc_column column_padding=&#8221;no-extra-padding&#8221; column_padding_tablet=&#8221;inherit&#8221; column_padding_phone=&#8221;inherit&#8221; column_padding_position=&#8221;all&#8221; column_element_direction_desktop=&#8221;default&#8221; column_element_spacing=&#8221;default&#8221; desktop_text_alignment=&#8221;default&#8221; tablet_text_alignment=&#8221;default&#8221; phone_text_alignment=&#8221;default&#8221; background_color_opacity=&#8221;1&#8243; background_hover_color_opacity=&#8221;1&#8243; column_backdrop_filter=&#8221;none&#8221; column_shadow=&#8221;none&#8221; column_border_radius=&#8221;none&#8221; column_link_target=&#8221;_self&#8221; column_position=&#8221;default&#8221; gradient_direction=&#8221;left_to_right&#8221; overlay_strength=&#8221;0.3&#8243; width=&#8221;1\/3&#8243; tablet_width_inherit=&#8221;default&#8221; animation_type=&#8221;default&#8221; bg_image_animation=&#8221;none&#8221; border_type=&#8221;simple&#8221; column_border_width=&#8221;none&#8221; column_border_style=&#8221;solid&#8221;][vc_column_text css=&#8221;&#8221; text_direction=&#8221;default&#8221;]\n<div class=\"pb-4\">\n<h2 class=\"event-details__content-one-title pt-1\">\u00dcyelik \u015eartlar\u0131 Nelerdir?<\/h2>\n<\/div>\n<div class=\"row\">\n<div class=\"col-xl-12\">\n<div class=\"about-two__left\">\n<p>Fiil ehliyetine sahip bulunan ve derne\u011fin ama\u00e7 ve ilkelerini benimseyerek bu do\u011frultuda \u00e7al\u0131\u015fmay\u0131 kabul eden ve Mevzuat\u0131n \u00f6ng\u00f6rd\u00fc\u011f\u00fc ko\u015fullar\u0131 ta\u015f\u0131yan ve resmi olarak ticari faaliyette bulunan <strong>TOKAT<\/strong>LI firma sahipleri ve profesyonelleri bu derne\u011fe \u00fcye olma hakk\u0131na sahiptir. Ancak, yabanc\u0131 ger\u00e7ek ki\u015filerin \u00fcye olabilmesi i\u00e7in T\u00fcrkiye\u2019de yerle\u015fme hakk\u0131na sahip olmas\u0131 da gerekir.<\/p>\n<p>Dernek ba\u015fkanl\u0131\u011f\u0131na yap\u0131lacak \u00fcyelik ba\u015fvurusu, dernek y\u00f6netim kurulunca \u00fcyeli\u011fe kabul veya iste\u011fin reddi \u015feklinde karara ba\u011flan\u0131r ve sonu\u00e7 yaz\u0131yla ba\u015fvuru sahibine bildirilir. Ba\u015fvurusu kabul edilen \u00fcye, bu ama\u00e7la tutulacak deftere kaydedilir.<\/p>\n<p>Derne\u011fin asil \u00fcyeleri, m\u00fcracaatlar\u0131 \u00fczerine y\u00f6netim kurulunca \u00fcyeli\u011fe kabul edilen firma sahipleri veya firma profesyonelleridir.<\/p>\n<p>Firma sahipleri ya da ortaklar\u0131n\u0131n derne\u011fe \u00fcyeli\u011fi i\u00e7in online \u00f6n m\u00fcracaat formunda yer alan ki\u015fisel bilgiler ve firma bilgileri alanlar\u0131n\u0131 doldurmalar\u0131 ve TOS\u0130AD \u00fcyeleri referans belirtmeleri gerekmektedir. Referans belirtmeden \u00fcyelik \u00f6n m\u00fcracaat i\u015flemi tamamlanamaz.<\/p>\n<p>Firma resmi sahipleri ve ortaklar\u0131ndan \u00f6n m\u00fcracaat akabinde randevu al\u0131n\u0131r ve firma adresinde ziyaret edilerek ba\u015fvuru formunu doldurmalar\u0131 istenir. Ba\u015fvuru formu ile birlikte Vesikal\u0131k Foto\u011fraf, Kimlik, Sab\u0131ka Kayd\u0131, Vergi Levhas\u0131 ve Faaliyet Belgeleri istenir.<\/p>\n<p>Firma Profesyonellerinden ise firma sahiplerinden istenen evraklara ek olarak derne\u011fe \u00fcye olunmas\u0131 noktas\u0131nda firma y\u00f6netim kurulu karar\u0131 istenir.<\/p>\n<\/div>\n<\/div>\n<\/div>\n[\/vc_column_text][\/vc_column][\/vc_row]\n","protected":false},"excerpt":{"rendered":"<p>[vc_row type=&#8221;in_container&#8221; full_screen_row_position=&#8221;middle&#8221; column_margin=&#8221;default&#8221; column_direction=&#8221;default&#8221; column_direction_tablet=&#8221;default&#8221; column_direction_phone=&#8221;default&#8221; scene_position=&#8221;center&#8221; text_color=&#8221;dark&#8221; text_align=&#8221;left&#8221; row_border_radius=&#8221;none&#8221; row_border_radius_applies=&#8221;bg&#8221; overflow=&#8221;visible&#8221; overlay_strength=&#8221;0.3&#8243; gradient_direction=&#8221;left_to_right&#8221; shape_divider_position=&#8221;bottom&#8221; bg_image_animation=&#8221;none&#8221;][vc_column column_padding=&#8221;no-extra-padding&#8221; column_padding_tablet=&#8221;inherit&#8221; column_padding_phone=&#8221;inherit&#8221; column_padding_position=&#8221;all&#8221; column_element_direction_desktop=&#8221;default&#8221; column_element_spacing=&#8221;default&#8221; desktop_text_alignment=&#8221;default&#8221; tablet_text_alignment=&#8221;default&#8221; phone_text_alignment=&#8221;default&#8221; background_color_opacity=&#8221;1&#8243; background_hover_color_opacity=&#8221;1&#8243; column_backdrop_filter=&#8221;none&#8221; column_shadow=&#8221;none&#8221;&#8230;<\/p>\n","protected":false},"author":1,"featured_media":0,"parent":0,"menu_order":0,"comment_status":"closed","ping_status":"closed","template":"","meta":{"footnotes":""},"class_list":["post-6217","page","type-page","status-publish"],"_links":{"self":[{"href":"http:\/\/www.tosiad.com.tr\/index.php?rest_route=\/wp\/v2\/pages\/6217","targetHints":{"allow":["GET"]}}],"collection":[{"href":"http:\/\/www.tosiad.com.tr\/index.php?rest_route=\/wp\/v2\/pages"}],"about":[{"href":"http:\/\/www.tosiad.com.tr\/index.php?rest_route=\/wp\/v2\/types\/page"}],"author":[{"embeddable":true,"href":"http:\/\/www.tosiad.com.tr\/index.php?rest_route=\/wp\/v2\/users\/1"}],"replies":[{"embeddable":true,"href":"http:\/\/www.tosiad.com.tr\/index.php?rest_route=%2Fwp%2Fv2%2Fcomments&post=6217"}],"version-history":[{"count":9,"href":"http:\/\/www.tosiad.com.tr\/index.php?rest_route=\/wp\/v2\/pages\/6217\/revisions"}],"predecessor-version":[{"id":6362,"href":"http:\/\/www.tosiad.com.tr\/index.php?rest_route=\/wp\/v2\/pages\/6217\/revisions\/6362"}],"wp:attachment":[{"href":"http:\/\/www.tosiad.com.tr\/index.php?rest_route=%2Fwp%2Fv2%2Fmedia&parent=6217"}],"curies":[{"name":"wp","href":"https:\/\/api.w.org\/{rel}","templated":true}]}}